{"id":147,"date":"2026-03-26T21:42:03","date_gmt":"2026-03-26T21:42:03","guid":{"rendered":"https:\/\/verdaguer-puig.cat\/sobre-nosotros\/"},"modified":"2026-04-08T16:41:48","modified_gmt":"2026-04-08T16:41:48","slug":"blog","status":"publish","type":"page","link":"https:\/\/verdaguer-puig.cat\/en\/blog\/","title":{"rendered":"Blog"},"content":{"rendered":"<div data-elementor-type=\"wp-page\" data-elementor-id=\"147\" class=\"elementor elementor-147\">\n\t\t\t\t<div class=\"elementor-element elementor-element-oizxn79p twbb_section e-con-boxed e-flex e-con e-parent\" data-id=\"oizxn79p\" data-element_type=\"container\" id=\"welcome-to-our-legal-information-blog\">\n\t\t\t\t\t<div class=\"e-con-inner\">\n\t\t\t\t<div class=\"elementor-element elementor-element-4du843nl elementor-widget__width-initial elementor-widget-mobile__width-inherit elementor-widget-tablet__width-initial elementor-invisible elementor-widget elementor-widget-heading\" data-id=\"4du843nl\" data-element_type=\"widget\" data-settings=\"{&quot;_animation&quot;:&quot;fadeInUp&quot;}\" data-widget_type=\"heading.default\">\n\t\t\t\t\t<h2 class=\"elementor-heading-title elementor-size-default\">Bienvenido a nuestro Blog<\/h2>\t\t\t\t<\/div>\n\t\t\t\t<div class=\"elementor-element elementor-element-zh0e32sv elementor-widget__width-initial elementor-widget-mobile__width-inherit elementor-widget-tablet__width-initial elementor-invisible elementor-widget elementor-widget-text-editor\" data-id=\"zh0e32sv\" data-element_type=\"widget\" data-settings=\"{&quot;_animation&quot;:&quot;fadeInUp&quot;}\" data-widget_type=\"text-editor.default\">\n\t\t\t\t\t\t\t\t\tBienvenido al blog de VERDAGUER &amp; PUIG, su fuente de informaci\u00f3n sobre Derecho Civil, Mercantil y Penal. Mant\u00e9ngase informado con nuestros art\u00edculos sobre contratos, herencias, asuntos corporativos y m\u00e1s. Explore nuestra experiencia y no dude en ponerse en contacto con nosotros si tiene alguna pregunta.\t\t\t\t\t\t\t\t<\/div>\n\t\t\t\t\t<\/div>\n\t\t\t\t<\/div>\n\t\t<div class=\"elementor-element elementor-element-67zc4g3x twbb_section e-con-boxed e-flex e-con e-parent\" data-id=\"67zc4g3x\" data-element_type=\"container\" id=\"latest-articles\">\n\t\t\t\t\t<div class=\"e-con-inner\">\n\t\t<div class=\"elementor-element elementor-element-jmedcj8j e-con-full e-flex e-con e-parent\" data-id=\"jmedcj8j\" data-element_type=\"container\">\n\t\t<div class=\"elementor-element elementor-element-smqjw35o e-con-full e-flex e-con e-parent\" data-id=\"smqjw35o\" data-element_type=\"container\">\n\t\t\t\t<div class=\"elementor-element elementor-element-t4c2hcr9 elementor-widget__width-initial elementor-widget-mobile__width-inherit elementor-widget-tablet__width-initial elementor-invisible elementor-widget elementor-widget-heading\" data-id=\"t4c2hcr9\" data-element_type=\"widget\" data-settings=\"{&quot;_animation&quot;:&quot;fadeInUp&quot;}\" data-widget_type=\"heading.default\">\n\t\t\t\t\t<h2 class=\"elementor-heading-title elementor-size-default\">\u00daltimos art\u00edculos<\/h2>\t\t\t\t<\/div>\n\t\t\t\t<div class=\"elementor-element elementor-element-e94rr036 elementor-widget__width-initial elementor-widget-mobile__width-inherit elementor-widget-tablet__width-initial elementor-invisible elementor-widget elementor-widget-text-editor\" data-id=\"e94rr036\" data-element_type=\"widget\" data-settings=\"{&quot;_animation&quot;:&quot;fadeInUp&quot;}\" data-widget_type=\"text-editor.default\">\n\t\t\t\t\t\t\t\t\tMantente informado con nuestras \u00faltimas publicaciones legales.\t\t\t\t\t\t\t\t<\/div>\n\t\t\t\t<\/div>\n\t\t\t\t<div class=\"elementor-element elementor-element-padxbp3y elementor-widget__width-initial elementor-widget-mobile__width-inherit elementor-widget-tablet__width-initial elementor-align-right elementor-mobile-align-center elementor-widget elementor-widget-button\" data-id=\"padxbp3y\" data-element_type=\"widget\" data-widget_type=\"button.default\">\n\t\t\t\t\t\t\t\t\t\t<a class=\"elementor-button elementor-button-link elementor-size-sm\" href=\"https:\/\/verdaguer-puig.cat\/en\/blog\/\">\n\t\t\t\t\t\t<span class=\"elementor-button-content-wrapper\">\n\t\t\t\t\t\t\t\t\t<span class=\"elementor-button-text\">Ver m\u00e1s<\/span>\n\t\t\t\t\t<\/span>\n\t\t\t\t\t<\/a>\n\t\t\t\t\t\t\t\t<\/div>\n\t\t\t\t<\/div>\n\t\t\t\t<div class=\"elementor-element elementor-element-h2irspsn elementor-widget__width-initial elementor-widget-mobile__width-inherit elementor-widget-tablet__width-initial elementor-grid-2 elementor-posts--thumbnail-mobile-top elementor-posts--thumbnail-left twbb-posts--fullHeight_yes twbb_slider_options_changed-default elementor-grid-tablet-2 elementor-grid-mobile-1 elementor-posts--thumbnail-tablet-top twbb-post__badge-onimage_no twbb-posts-image-animation_zoom-in twbb-posts-image-animation-duration-fast twbb-post__badge-align-left elementor-widget elementor-widget-tenweb-posts\" data-id=\"h2irspsn\" data-element_type=\"widget\" data-settings=\"{&quot;classic_columns&quot;:&quot;2&quot;,&quot;classic_thumbnail_mobile&quot;:&quot;top&quot;,&quot;classic_thumbnail&quot;:&quot;left&quot;,&quot;classic_slides_view&quot;:&quot;no&quot;,&quot;classic_columns_tablet&quot;:&quot;2&quot;,&quot;classic_columns_mobile&quot;:&quot;1&quot;,&quot;classic_thumbnail_tablet&quot;:&quot;top&quot;,&quot;classic_column_gap&quot;:{&quot;unit&quot;:&quot;px&quot;,&quot;size&quot;:30,&quot;sizes&quot;:[]},&quot;classic_column_gap_tablet&quot;:{&quot;unit&quot;:&quot;px&quot;,&quot;size&quot;:&quot;&quot;,&quot;sizes&quot;:[]},&quot;classic_column_gap_mobile&quot;:{&quot;unit&quot;:&quot;px&quot;,&quot;size&quot;:&quot;&quot;,&quot;sizes&quot;:[]},&quot;classic_row_gap&quot;:{&quot;unit&quot;:&quot;px&quot;,&quot;size&quot;:35,&quot;sizes&quot;:[]},&quot;classic_row_gap_tablet&quot;:{&quot;unit&quot;:&quot;px&quot;,&quot;size&quot;:&quot;&quot;,&quot;sizes&quot;:[]},&quot;classic_row_gap_mobile&quot;:{&quot;unit&quot;:&quot;px&quot;,&quot;size&quot;:&quot;&quot;,&quot;sizes&quot;:[]}}\" data-widget_type=\"tenweb-posts.classic\">\n\t\t\t\t<div class=\"elementor-widget-container\">\n\t\t\t\t\t            <div data-skin=\"classic \" class=\"elementor-posts-container elementor-posts elementor-posts--skin-classic elementor-grid\">\n            \t\t<article class=\"elementor-post elementor-grid-item post-143 post type-post status-publish format-standard has-post-thumbnail hentry category-derecho-penal\">\n\t\t        <div class=\"twbb-image-container\">\n                        <a class=\"elementor-post__thumbnail__link\" href=\"https:\/\/verdaguer-puig.cat\/en\/delitos-economicos-cuando-una-mala-gestion-se-convierte-en-delito\/\" tabindex=\"-1\" >\n                <div class=\"elementor-post__thumbnail\"><img fetchpriority=\"high\" decoding=\"async\" width=\"300\" height=\"169\" src=\"https:\/\/verdaguer-puig.cat\/wp-content\/uploads\/2026\/03\/tenweb_media_simlm4pto-300x169.webp\" class=\"attachment-medium size-medium wp-image-113\" alt=\"\" srcset=\"https:\/\/verdaguer-puig.cat\/wp-content\/uploads\/2026\/03\/tenweb_media_simlm4pto-300x169.webp 300w, https:\/\/verdaguer-puig.cat\/wp-content\/uploads\/2026\/03\/tenweb_media_simlm4pto-1024x576.webp 1024w, https:\/\/verdaguer-puig.cat\/wp-content\/uploads\/2026\/03\/tenweb_media_simlm4pto-768x432.webp 768w, https:\/\/verdaguer-puig.cat\/wp-content\/uploads\/2026\/03\/tenweb_media_simlm4pto-1536x864.webp 1536w, https:\/\/verdaguer-puig.cat\/wp-content\/uploads\/2026\/03\/tenweb_media_simlm4pto-600x338.webp 600w, https:\/\/verdaguer-puig.cat\/wp-content\/uploads\/2026\/03\/tenweb_media_simlm4pto.webp 1820w\" sizes=\"(max-width: 300px) 100vw, 300px\" \/><\/div>\n            <\/a>\n                    <\/div>\n\t\t\t\t<div class=\"elementor-post__text\">\n\t\t        <div class=\"twbb-post__badge-container\">\n          <a class=\"twbb-post__badge-link\" href=\"https:\/\/verdaguer-puig.cat\/en\/category\/derecho-penal\/\" alt=\"Derecho Penal\">\n            <div class=\"elementor-post__badge\">Derecho Penal<\/div>\n          <\/a>\n        <\/div>\n        \t\t<h5 class=\"elementor-post__title\">\n\t\t\t<a href=\"https:\/\/verdaguer-puig.cat\/en\/delitos-economicos-cuando-una-mala-gestion-se-convierte-en-delito\/\" >\n\t\t\t\tDelitos econ\u00f3micos: \u00bfCu\u00e1ndo una mala gesti\u00f3n se convierte en delito?\t\t\t<\/a>\n\t\t<\/h5>\n\t\t\t\t<div class=\"elementor-post__excerpt\">\n\t\t\t<p>Analizamos los l\u00edmites entre la mala gesti\u00f3n empresarial y la comisi\u00f3n de un delito econ\u00f3mico.<\/p>\n\t\t<\/div>\n\t\t\t\t\t<div class=\"elementor-post__read-more-wrapper\">\n\t\t        <div class=\"elementor-post__read-more-container\">\n\t\t<a class=\"elementor-post__read-more\" href=\"https:\/\/verdaguer-puig.cat\/en\/delitos-economicos-cuando-una-mala-gestion-se-convierte-en-delito\/\" aria-label=\"Read more about Delitos econ\u00f3micos: \u00bfCu\u00e1ndo una mala gesti\u00f3n se convierte en delito?\" tabindex=\"-1\" >\n\t\t\tRead More            <svg aria-hidden=\"true\" class=\"e-font-icon-svg e-fas-angle-right\" viewbox=\"0 0 256 512\" xmlns=\"http:\/\/www.w3.org\/2000\/svg\"><path d=\"M224.3 273l-136 136c-9.4 9.4-24.6 9.4-33.9 0l-22.6-22.6c-9.4-9.4-9.4-24.6 0-33.9l96.4-96.4-96.4-96.4c-9.4-9.4-9.4-24.6 0-33.9L54.3 103c9.4-9.4 24.6-9.4 33.9 0l136 136c9.5 9.4 9.5 24.6.1 34z\"><\/path><\/svg>\t\t<\/a>\n        <\/div>\n\t\t\t\t\t<\/div>\n\t\t\t\t<\/div>\n\t\t\t\t<\/article>\n\t\t\t\t<article class=\"elementor-post elementor-grid-item post-142 post type-post status-publish format-standard has-post-thumbnail hentry category-derecho-mercantil\">\n\t\t        <div class=\"twbb-image-container\">\n                        <a class=\"elementor-post__thumbnail__link\" href=\"https:\/\/verdaguer-puig.cat\/en\/la-importancia-de-la-planificacion-sucesoria-para-la-empresa-familiar\/\" tabindex=\"-1\" >\n                <div class=\"elementor-post__thumbnail\"><img decoding=\"async\" width=\"300\" height=\"169\" src=\"https:\/\/verdaguer-puig.cat\/wp-content\/uploads\/2026\/03\/tenweb_media_sl5oyxjwh-300x169.webp\" class=\"attachment-medium size-medium wp-image-112\" alt=\"\" srcset=\"https:\/\/verdaguer-puig.cat\/wp-content\/uploads\/2026\/03\/tenweb_media_sl5oyxjwh-300x169.webp 300w, https:\/\/verdaguer-puig.cat\/wp-content\/uploads\/2026\/03\/tenweb_media_sl5oyxjwh-1024x576.webp 1024w, https:\/\/verdaguer-puig.cat\/wp-content\/uploads\/2026\/03\/tenweb_media_sl5oyxjwh-768x432.webp 768w, https:\/\/verdaguer-puig.cat\/wp-content\/uploads\/2026\/03\/tenweb_media_sl5oyxjwh-1536x864.webp 1536w, https:\/\/verdaguer-puig.cat\/wp-content\/uploads\/2026\/03\/tenweb_media_sl5oyxjwh-600x338.webp 600w, https:\/\/verdaguer-puig.cat\/wp-content\/uploads\/2026\/03\/tenweb_media_sl5oyxjwh.webp 1820w\" sizes=\"(max-width: 300px) 100vw, 300px\" \/><\/div>\n            <\/a>\n                    <\/div>\n\t\t\t\t<div class=\"elementor-post__text\">\n\t\t        <div class=\"twbb-post__badge-container\">\n          <a class=\"twbb-post__badge-link\" href=\"https:\/\/verdaguer-puig.cat\/en\/category\/derecho-mercantil\/\" alt=\"Derecho Mercantil\">\n            <div class=\"elementor-post__badge\">Derecho Mercantil<\/div>\n          <\/a>\n        <\/div>\n        \t\t<h5 class=\"elementor-post__title\">\n\t\t\t<a href=\"https:\/\/verdaguer-puig.cat\/en\/la-importancia-de-la-planificacion-sucesoria-para-la-empresa-familiar\/\" >\n\t\t\t\tLa importancia de la planificaci\u00f3n sucesoria para la empresa familiar\t\t\t<\/a>\n\t\t<\/h5>\n\t\t\t\t<div class=\"elementor-post__excerpt\">\n\t\t\t<p>Descubre c\u00f3mo una correcta planificaci\u00f3n sucesoria puede asegurar la continuidad y el \u00e9xito de tu\t\t<\/div>\n\t\t\t\t\t<div class=\"elementor-post__read-more-wrapper\">\n\t\t        <div class=\"elementor-post__read-more-container\">\n\t\t<a class=\"elementor-post__read-more\" href=\"https:\/\/verdaguer-puig.cat\/en\/la-importancia-de-la-planificacion-sucesoria-para-la-empresa-familiar\/\" aria-label=\"Read more about La importancia de la planificaci\u00f3n sucesoria para la empresa familiar\" tabindex=\"-1\" >\n\t\t\tRead More            <svg aria-hidden=\"true\" class=\"e-font-icon-svg e-fas-angle-right\" viewbox=\"0 0 256 512\" xmlns=\"http:\/\/www.w3.org\/2000\/svg\"><path d=\"M224.3 273l-136 136c-9.4 9.4-24.6 9.4-33.9 0l-22.6-22.6c-9.4-9.4-9.4-24.6 0-33.9l96.4-96.4-96.4-96.4c-9.4-9.4-9.4-24.6 0-33.9L54.3 103c9.4-9.4 24.6-9.4 33.9 0l136 136c9.5 9.4 9.5 24.6.1 34z\"><\/path><\/svg>\t\t<\/a>\n        <\/div>\n\t\t\t\t\t<\/div>\n\t\t\t\t<\/div>\n\t\t\t\t<\/article>\n\t\t\t\t<article class=\"elementor-post elementor-grid-item post-141 post type-post status-publish format-standard has-post-thumbnail hentry category-derecho-civil\">\n\t\t        <div class=\"twbb-image-container\">\n                        <a class=\"elementor-post__thumbnail__link\" href=\"https:\/\/verdaguer-puig.cat\/en\/que-hacer-ante-un-incumplimiento-de-contrato\/\" tabindex=\"-1\" >\n                <div class=\"elementor-post__thumbnail\"><img decoding=\"async\" width=\"300\" height=\"169\" src=\"https:\/\/verdaguer-puig.cat\/wp-content\/uploads\/2026\/03\/tenweb_media_scmiwwmoo-300x169.webp\" class=\"attachment-medium size-medium wp-image-111\" alt=\"\" srcset=\"https:\/\/verdaguer-puig.cat\/wp-content\/uploads\/2026\/03\/tenweb_media_scmiwwmoo-300x169.webp 300w, https:\/\/verdaguer-puig.cat\/wp-content\/uploads\/2026\/03\/tenweb_media_scmiwwmoo-768x432.webp 768w, https:\/\/verdaguer-puig.cat\/wp-content\/uploads\/2026\/03\/tenweb_media_scmiwwmoo-600x338.webp 600w, https:\/\/verdaguer-puig.cat\/wp-content\/uploads\/2026\/03\/tenweb_media_scmiwwmoo.webp 1024w\" sizes=\"(max-width: 300px) 100vw, 300px\" \/><\/div>\n            <\/a>\n                    <\/div>\n\t\t\t\t<div class=\"elementor-post__text\">\n\t\t        <div class=\"twbb-post__badge-container\">\n          <a class=\"twbb-post__badge-link\" href=\"https:\/\/verdaguer-puig.cat\/en\/category\/derecho-civil\/\" alt=\"Derecho Civil\">\n            <div class=\"elementor-post__badge\">Derecho Civil<\/div>\n          <\/a>\n        <\/div>\n        \t\t<h5 class=\"elementor-post__title\">\n\t\t\t<a href=\"https:\/\/verdaguer-puig.cat\/en\/que-hacer-ante-un-incumplimiento-de-contrato\/\" >\n\t\t\t\t\u00bfQu\u00e9 hacer ante un incumplimiento de contrato?\t\t\t<\/a>\n\t\t<\/h5>\n\t\t\t\t<div class=\"elementor-post__excerpt\">\n\t\t\t<p>Te explicamos los pasos a seguir si la otra parte no cumple con lo acordado\t\t<\/div>\n\t\t\t\t\t<div class=\"elementor-post__read-more-wrapper\">\n\t\t        <div class=\"elementor-post__read-more-container\">\n\t\t<a class=\"elementor-post__read-more\" href=\"https:\/\/verdaguer-puig.cat\/en\/que-hacer-ante-un-incumplimiento-de-contrato\/\" aria-label=\"Read more about \u00bfQu\u00e9 hacer ante un incumplimiento de contrato?\" tabindex=\"-1\" >\n\t\t\tRead More            <svg aria-hidden=\"true\" class=\"e-font-icon-svg e-fas-angle-right\" viewbox=\"0 0 256 512\" xmlns=\"http:\/\/www.w3.org\/2000\/svg\"><path d=\"M224.3 273l-136 136c-9.4 9.4-24.6 9.4-33.9 0l-22.6-22.6c-9.4-9.4-9.4-24.6 0-33.9l96.4-96.4-96.4-96.4c-9.4-9.4-9.4-24.6 0-33.9L54.3 103c9.4-9.4 24.6-9.4 33.9 0l136 136c9.5 9.4 9.5 24.6.1 34z\"><\/path><\/svg>\t\t<\/a>\n        <\/div>\n\t\t\t\t\t<\/div>\n\t\t\t\t<\/div>\n\t\t\t\t<\/article>\n\t\t\t\t<\/div>\n\t\t\n\t\t\t\t\t\t<\/div>\n\t\t\t\t<\/div>\n\t\t\t\t\t<\/div>\n\t\t\t\t<\/div>\n\t\t<div class=\"elementor-element elementor-element-axizi2j5 twbb_section e-con-boxed e-flex e-con e-parent\" data-id=\"axizi2j5\" data-element_type=\"container\" id=\"do-you-need-legal-assistance\">\n\t\t\t\t\t<div class=\"e-con-inner\">\n\t\t\t\t<div class=\"elementor-element elementor-element-xftb2olq elementor-widget__width-initial elementor-widget-mobile__width-inherit elementor-widget-tablet__width-initial twbb_cta-position-button-bottom twbb_cta-button-wrapper-center twbb_cta-button-wrapper-center twbb_cta-valign-align-top twbb_cta-button-wrapper-center twbb_cta-tablet-position-button-bottom twbb_cta-mobile-position-button-bottom elementor-invisible elementor-widget elementor-widget-twbb_call-to-action\" data-id=\"xftb2olq\" data-element_type=\"widget\" data-settings=\"{&quot;_animation&quot;:&quot;fadeInUp&quot;}\" data-widget_type=\"twbb_call-to-action.default\">\n\t\t\t\t<div class=\"elementor-widget-container\">\n\t\t\t\t\t    <div  class=\"twbb_cta-wrapper\">\n      <div class=\"twbb_cta-content-wrapper\">\n    <div class=\"twbb_cta-content-inner\">\n                <h2 class=\"twbb_cta-title\">\u00bfNecesitas asesoramiento legal?<\/h2>\n                    <div class=\"twbb_cta-description\">Contacta con VERDAGUER & PUIG, abogados especializados en derecho civil, mercantil y penal, para recibir asesoramiento y resolver tus asuntos legales de manera efectiva.<\/div>\n              <\/div>\n    <div class=\"twbb_cta-button-wrapper\">\n        <div class=\"twbb_cta-buttons\">\n              <div class=\"twbb_cta-button-item twbb_cta-button-item__one twbb_cta-button-enable-yes\">\n          <a href=\"#home\" class=\"elementor-button twbb_cta-button elementor-size- twbb_cta-button__one\"            >Solicitar asesoramiento<\/a>\n        <\/div>\n                        <\/div>\n    <\/div>\n  <\/div>\n        <\/div>\n\t\t\t\t<\/div>\n\t\t\t\t<\/div>\n\t\t\t\t\t<\/div>\n\t\t\t\t<\/div>\n\t\t\t\t<\/div>","protected":false},"excerpt":{"rendered":"","protected":false},"author":2,"featured_media":0,"parent":0,"menu_order":0,"comment_status":"closed","ping_status":"closed","template":"","meta":{"footnotes":""},"class_list":["post-147","page","type-page","status-publish","hentry"],"yoast_head":"<!-- This site is optimized with the Yoast SEO plugin v27.3 - https:\/\/yoast.com\/product\/yoast-seo-wordpress\/ -->\n<title>Blog - VERDAGUER &amp; PUIG, Advocats<\/title>\n<meta name=\"robots\" content=\"index, follow, max-snippet:-1, max-image-preview:large, max-video-preview:-1\" \/>\n<link rel=\"canonical\" href=\"https:\/\/verdaguer-puig.cat\/en\/blog\/\" \/>\n<meta property=\"og:locale\" content=\"en_GB\" \/>\n<meta property=\"og:type\" content=\"article\" \/>\n<meta property=\"og:title\" content=\"Blog - VERDAGUER &amp; PUIG, Advocats\" \/>\n<meta property=\"og:url\" content=\"https:\/\/verdaguer-puig.cat\/en\/blog\/\" \/>\n<meta property=\"og:site_name\" content=\"VERDAGUER &amp; PUIG, Advocats\" \/>\n<meta property=\"article:modified_time\" content=\"2026-04-08T16:41:48+00:00\" \/>\n<meta name=\"twitter:card\" content=\"summary_large_image\" \/>\n<script type=\"application\/ld+json\" class=\"yoast-schema-graph\">{\"@context\":\"https:\\\/\\\/schema.org\",\"@graph\":[{\"@type\":\"WebPage\",\"@id\":\"https:\\\/\\\/verdaguer-puig.cat\\\/blog\\\/\",\"url\":\"https:\\\/\\\/verdaguer-puig.cat\\\/blog\\\/\",\"name\":\"Blog - VERDAGUER &amp; PUIG, Advocats\",\"isPartOf\":{\"@id\":\"https:\\\/\\\/verdaguer-puig.cat\\\/#website\"},\"datePublished\":\"2026-03-26T21:42:03+00:00\",\"dateModified\":\"2026-04-08T16:41:48+00:00\",\"breadcrumb\":{\"@id\":\"https:\\\/\\\/verdaguer-puig.cat\\\/blog\\\/#breadcrumb\"},\"inLanguage\":\"en-GB\",\"potentialAction\":[{\"@type\":\"ReadAction\",\"target\":[\"https:\\\/\\\/verdaguer-puig.cat\\\/blog\\\/\"]}]},{\"@type\":\"BreadcrumbList\",\"@id\":\"https:\\\/\\\/verdaguer-puig.cat\\\/blog\\\/#breadcrumb\",\"itemListElement\":[{\"@type\":\"ListItem\",\"position\":1,\"name\":\"Home\",\"item\":\"https:\\\/\\\/verdaguer-puig.cat\\\/\"},{\"@type\":\"ListItem\",\"position\":2,\"name\":\"Blog\"}]},{\"@type\":\"WebSite\",\"@id\":\"https:\\\/\\\/verdaguer-puig.cat\\\/#website\",\"url\":\"https:\\\/\\\/verdaguer-puig.cat\\\/\",\"name\":\"VERDAGUER &amp; PUIG, Advocats\",\"description\":\"\",\"potentialAction\":[{\"@type\":\"SearchAction\",\"target\":{\"@type\":\"EntryPoint\",\"urlTemplate\":\"https:\\\/\\\/verdaguer-puig.cat\\\/?s={search_term_string}\"},\"query-input\":{\"@type\":\"PropertyValueSpecification\",\"valueRequired\":true,\"valueName\":\"search_term_string\"}}],\"inLanguage\":\"en-GB\"}]}<\/script>\n<!-- \/ Yoast SEO plugin. -->","yoast_head_json":{"title":"Blog - VERDAGUER &amp; PUIG, Advocats","robots":{"index":"index","follow":"follow","max-snippet":"max-snippet:-1","max-image-preview":"max-image-preview:large","max-video-preview":"max-video-preview:-1"},"canonical":"https:\/\/verdaguer-puig.cat\/en\/blog\/","og_locale":"en_GB","og_type":"article","og_title":"Blog - VERDAGUER &amp; PUIG, Advocats","og_url":"https:\/\/verdaguer-puig.cat\/en\/blog\/","og_site_name":"VERDAGUER &amp; PUIG, Advocats","article_modified_time":"2026-04-08T16:41:48+00:00","twitter_card":"summary_large_image","schema":{"@context":"https:\/\/schema.org","@graph":[{"@type":"WebPage","@id":"https:\/\/verdaguer-puig.cat\/blog\/","url":"https:\/\/verdaguer-puig.cat\/blog\/","name":"Blog - VERDAGUER &amp; PUIG, Advocats","isPartOf":{"@id":"https:\/\/verdaguer-puig.cat\/#website"},"datePublished":"2026-03-26T21:42:03+00:00","dateModified":"2026-04-08T16:41:48+00:00","breadcrumb":{"@id":"https:\/\/verdaguer-puig.cat\/blog\/#breadcrumb"},"inLanguage":"en-GB","potentialAction":[{"@type":"ReadAction","target":["https:\/\/verdaguer-puig.cat\/blog\/"]}]},{"@type":"BreadcrumbList","@id":"https:\/\/verdaguer-puig.cat\/blog\/#breadcrumb","itemListElement":[{"@type":"ListItem","position":1,"name":"Home","item":"https:\/\/verdaguer-puig.cat\/"},{"@type":"ListItem","position":2,"name":"Blog"}]},{"@type":"WebSite","@id":"https:\/\/verdaguer-puig.cat\/#website","url":"https:\/\/verdaguer-puig.cat\/","name":"VERDAGUER &amp; PUIG, Advocats","description":"","potentialAction":[{"@type":"SearchAction","target":{"@type":"EntryPoint","urlTemplate":"https:\/\/verdaguer-puig.cat\/?s={search_term_string}"},"query-input":{"@type":"PropertyValueSpecification","valueRequired":true,"valueName":"search_term_string"}}],"inLanguage":"en-GB"}]}},"_links":{"self":[{"href":"https:\/\/verdaguer-puig.cat\/en\/wp-json\/wp\/v2\/pages\/147","targetHints":{"allow":["GET"]}}],"collection":[{"href":"https:\/\/verdaguer-puig.cat\/en\/wp-json\/wp\/v2\/pages"}],"about":[{"href":"https:\/\/verdaguer-puig.cat\/en\/wp-json\/wp\/v2\/types\/page"}],"author":[{"embeddable":true,"href":"https:\/\/verdaguer-puig.cat\/en\/wp-json\/wp\/v2\/users\/2"}],"replies":[{"embeddable":true,"href":"https:\/\/verdaguer-puig.cat\/en\/wp-json\/wp\/v2\/comments?post=147"}],"version-history":[{"count":2,"href":"https:\/\/verdaguer-puig.cat\/en\/wp-json\/wp\/v2\/pages\/147\/revisions"}],"predecessor-version":[{"id":233,"href":"https:\/\/verdaguer-puig.cat\/en\/wp-json\/wp\/v2\/pages\/147\/revisions\/233"}],"wp:attachment":[{"href":"https:\/\/verdaguer-puig.cat\/en\/wp-json\/wp\/v2\/media?parent=147"}],"curies":[{"name":"wp","href":"https:\/\/api.w.org\/{rel}","templated":true}]}}