{"id":150,"date":"2026-03-26T21:42:03","date_gmt":"2026-03-26T21:42:03","guid":{"rendered":"https:\/\/verdaguer-puig.cat\/aviso-legal\/"},"modified":"2026-03-26T21:42:07","modified_gmt":"2026-03-26T21:42:07","slug":"aviso-legal","status":"publish","type":"page","link":"https:\/\/verdaguer-puig.cat\/en\/aviso-legal\/","title":{"rendered":"Aviso Legal"},"content":{"rendered":"<div data-elementor-type=\"wp-page\" data-elementor-id=\"150\" class=\"elementor elementor-150\">\n\t\t\t\t<div class=\"elementor-element elementor-element-f3j8ar2h twbb_section e-con-boxed e-flex e-con e-parent\" data-id=\"f3j8ar2h\" data-element_type=\"container\">\n\t\t\t\t\t<div class=\"e-con-inner\">\n\t\t\t\t<div class=\"elementor-element elementor-element-bacgkzew elementor-widget__width-initial elementor-widget-mobile__width-inherit elementor-widget-tablet__width-initial elementor-invisible elementor-widget elementor-widget-heading\" data-id=\"bacgkzew\" data-element_type=\"widget\" data-settings=\"{&quot;_animation&quot;:&quot;fadeInUp&quot;}\" data-widget_type=\"heading.default\">\n\t\t\t\t\t<h1 class=\"elementor-heading-title elementor-size-default\">Aviso Legal<\/h1>\t\t\t\t<\/div>\n\t\t\t\t\t<\/div>\n\t\t\t\t<\/div>\n\t\t<div class=\"elementor-element elementor-element-c9mau1u0 twbb_section e-con-boxed e-flex e-con e-parent\" data-id=\"c9mau1u0\" data-element_type=\"container\">\n\t\t\t\t\t<div class=\"e-con-inner\">\n\t\t\t\t<div class=\"elementor-element elementor-element-6pcnbyck elementor-widget__width-initial elementor-widget-mobile__width-inherit elementor-widget-tablet__width-initial elementor-invisible elementor-widget elementor-widget-text-editor\" data-id=\"6pcnbyck\" data-element_type=\"widget\" data-settings=\"{&quot;_animation&quot;:&quot;fadeInUp&quot;}\" data-widget_type=\"text-editor.default\">\n\t\t\t\t\t\t\t\t\t<p><b>Descargo de Responsabilidad<\/b><\/p>\n\n<p>El sitio web de VERDAGUER &#038; PUIG, abogados, proporciona informaci\u00f3n general sobre nuestros servicios legales. La informaci\u00f3n contenida en este sitio web no constituye asesoramiento legal y no debe ser considerada como tal. No debe actuar ni abstenerse de actuar bas\u00e1ndose en la informaci\u00f3n proporcionada en este sitio web sin buscar asesoramiento legal profesional.<\/p>\n\n<p><b>1. No Relaci\u00f3n Abogado-Cliente<\/b><\/p>\n\n<p>El uso de este sitio web no crea una relaci\u00f3n abogado-cliente entre usted y VERDAGUER &#038; PUIG. Una relaci\u00f3n abogado-cliente solo se establece mediante un acuerdo escrito firmado por ambas partes.<\/p>\n\n<p><b>2. Exactitud de la Informaci\u00f3n<\/b><\/p>\n\n<p>Nos esforzamos por mantener la informaci\u00f3n en este sitio web precisa y actualizada. Sin embargo, no garantizamos la exactitud, integridad o actualidad de la informaci\u00f3n. La ley est\u00e1 en constante cambio y la informaci\u00f3n en este sitio web puede no reflejar los desarrollos legales m\u00e1s recientes.<\/p>\n\n<p><b>3. Responsabilidad Limitada<\/b><\/p>\n\n<p>VERDAGUER &#038; PUIG no ser\u00e1 responsable de ning\u00fan da\u00f1o o p\u00e9rdida que surja del uso o la imposibilidad de usar este sitio web, incluyendo, pero no limitado a, da\u00f1os por p\u00e9rdida de beneficios, datos u otras p\u00e9rdidas intangibles, incluso si VERDAGUER &#038; PUIG ha sido advertido de la posibilidad de tales da\u00f1os.<\/p>\n\n<p><b>4. Enlaces a Terceros<\/b><\/p>\n\n<p>Este sitio web puede contener enlaces a sitios web de terceros. Estos enlaces se proporcionan \u00fanicamente para su conveniencia y no implican que VERDAGUER &#038; PUIG respalde o apruebe el contenido de dichos sitios web. VERDAGUER &#038; PUIG no es responsable del contenido de los sitios web de terceros y no asume ninguna responsabilidad por cualquier da\u00f1o o p\u00e9rdida que pueda surgir del uso de dichos sitios web.<\/p>\n\n<p><b>5. Jurisdicci\u00f3n<\/b><\/p>\n\n<p>Este descargo de responsabilidad se regir\u00e1 e interpretar\u00e1 de acuerdo con las leyes de Espa\u00f1a. Cualquier disputa que surja en relaci\u00f3n con este descargo de responsabilidad se someter\u00e1 a la jurisdicci\u00f3n exclusiva de los tribunales de Espa\u00f1a.<\/p>\n\n<p><b>6. Contacto<\/b><\/p>\n\n<p>Si tiene alguna pregunta sobre este descargo de responsabilidad, por favor, p\u00f3ngase en contacto con nosotros a trav\u00e9s de la informaci\u00f3n de contacto proporcionada en este sitio web.<\/p>\t\t\t\t\t\t\t\t<\/div>\n\t\t\t\t\t<\/div>\n\t\t\t\t<\/div>\n\t\t\t\t<\/div>","protected":false},"excerpt":{"rendered":"","protected":false},"author":0,"featured_media":0,"parent":0,"menu_order":0,"comment_status":"closed","ping_status":"publish","template":"","meta":{"footnotes":""},"class_list":["post-150","page","type-page","status-publish","hentry"],"yoast_head":"<!-- This site is optimized with the Yoast SEO plugin v27.3 - https:\/\/yoast.com\/product\/yoast-seo-wordpress\/ -->\n<title>Aviso Legal - VERDAGUER &amp; PUIG, Advocats<\/title>\n<meta name=\"robots\" content=\"index, follow, max-snippet:-1, max-image-preview:large, max-video-preview:-1\" \/>\n<link rel=\"canonical\" href=\"https:\/\/verdaguer-puig.cat\/en\/aviso-legal\/\" \/>\n<meta property=\"og:locale\" content=\"en_GB\" \/>\n<meta property=\"og:type\" content=\"article\" \/>\n<meta property=\"og:title\" content=\"Aviso Legal - VERDAGUER &amp; PUIG, Advocats\" \/>\n<meta property=\"og:url\" content=\"https:\/\/verdaguer-puig.cat\/en\/aviso-legal\/\" \/>\n<meta property=\"og:site_name\" content=\"VERDAGUER &amp; PUIG, Advocats\" \/>\n<meta property=\"article:modified_time\" content=\"2026-03-26T21:42:07+00:00\" \/>\n<meta name=\"twitter:card\" content=\"summary_large_image\" \/>\n<script type=\"application\/ld+json\" class=\"yoast-schema-graph\">{\"@context\":\"https:\\\/\\\/schema.org\",\"@graph\":[{\"@type\":\"WebPage\",\"@id\":\"https:\\\/\\\/verdaguer-puig.cat\\\/aviso-legal\\\/\",\"url\":\"https:\\\/\\\/verdaguer-puig.cat\\\/aviso-legal\\\/\",\"name\":\"Aviso Legal - VERDAGUER &amp; PUIG, Advocats\",\"isPartOf\":{\"@id\":\"https:\\\/\\\/verdaguer-puig.cat\\\/#website\"},\"datePublished\":\"2026-03-26T21:42:03+00:00\",\"dateModified\":\"2026-03-26T21:42:07+00:00\",\"breadcrumb\":{\"@id\":\"https:\\\/\\\/verdaguer-puig.cat\\\/aviso-legal\\\/#breadcrumb\"},\"inLanguage\":\"en-GB\",\"potentialAction\":[{\"@type\":\"ReadAction\",\"target\":[\"https:\\\/\\\/verdaguer-puig.cat\\\/aviso-legal\\\/\"]}]},{\"@type\":\"BreadcrumbList\",\"@id\":\"https:\\\/\\\/verdaguer-puig.cat\\\/aviso-legal\\\/#breadcrumb\",\"itemListElement\":[{\"@type\":\"ListItem\",\"position\":1,\"name\":\"Home\",\"item\":\"https:\\\/\\\/verdaguer-puig.cat\\\/\"},{\"@type\":\"ListItem\",\"position\":2,\"name\":\"Aviso Legal\"}]},{\"@type\":\"WebSite\",\"@id\":\"https:\\\/\\\/verdaguer-puig.cat\\\/#website\",\"url\":\"https:\\\/\\\/verdaguer-puig.cat\\\/\",\"name\":\"VERDAGUER &amp; PUIG, Advocats\",\"description\":\"\",\"potentialAction\":[{\"@type\":\"SearchAction\",\"target\":{\"@type\":\"EntryPoint\",\"urlTemplate\":\"https:\\\/\\\/verdaguer-puig.cat\\\/?s={search_term_string}\"},\"query-input\":{\"@type\":\"PropertyValueSpecification\",\"valueRequired\":true,\"valueName\":\"search_term_string\"}}],\"inLanguage\":\"en-GB\"}]}<\/script>\n<!-- \/ Yoast SEO plugin. -->","yoast_head_json":{"title":"Aviso Legal - VERDAGUER &amp; PUIG, Advocats","robots":{"index":"index","follow":"follow","max-snippet":"max-snippet:-1","max-image-preview":"max-image-preview:large","max-video-preview":"max-video-preview:-1"},"canonical":"https:\/\/verdaguer-puig.cat\/en\/aviso-legal\/","og_locale":"en_GB","og_type":"article","og_title":"Aviso Legal - VERDAGUER &amp; PUIG, Advocats","og_url":"https:\/\/verdaguer-puig.cat\/en\/aviso-legal\/","og_site_name":"VERDAGUER &amp; PUIG, Advocats","article_modified_time":"2026-03-26T21:42:07+00:00","twitter_card":"summary_large_image","schema":{"@context":"https:\/\/schema.org","@graph":[{"@type":"WebPage","@id":"https:\/\/verdaguer-puig.cat\/aviso-legal\/","url":"https:\/\/verdaguer-puig.cat\/aviso-legal\/","name":"Aviso Legal - VERDAGUER &amp; PUIG, Advocats","isPartOf":{"@id":"https:\/\/verdaguer-puig.cat\/#website"},"datePublished":"2026-03-26T21:42:03+00:00","dateModified":"2026-03-26T21:42:07+00:00","breadcrumb":{"@id":"https:\/\/verdaguer-puig.cat\/aviso-legal\/#breadcrumb"},"inLanguage":"en-GB","potentialAction":[{"@type":"ReadAction","target":["https:\/\/verdaguer-puig.cat\/aviso-legal\/"]}]},{"@type":"BreadcrumbList","@id":"https:\/\/verdaguer-puig.cat\/aviso-legal\/#breadcrumb","itemListElement":[{"@type":"ListItem","position":1,"name":"Home","item":"https:\/\/verdaguer-puig.cat\/"},{"@type":"ListItem","position":2,"name":"Aviso Legal"}]},{"@type":"WebSite","@id":"https:\/\/verdaguer-puig.cat\/#website","url":"https:\/\/verdaguer-puig.cat\/","name":"VERDAGUER &amp; PUIG, Advocats","description":"","potentialAction":[{"@type":"SearchAction","target":{"@type":"EntryPoint","urlTemplate":"https:\/\/verdaguer-puig.cat\/?s={search_term_string}"},"query-input":{"@type":"PropertyValueSpecification","valueRequired":true,"valueName":"search_term_string"}}],"inLanguage":"en-GB"}]}},"_links":{"self":[{"href":"https:\/\/verdaguer-puig.cat\/en\/wp-json\/wp\/v2\/pages\/150","targetHints":{"allow":["GET"]}}],"collection":[{"href":"https:\/\/verdaguer-puig.cat\/en\/wp-json\/wp\/v2\/pages"}],"about":[{"href":"https:\/\/verdaguer-puig.cat\/en\/wp-json\/wp\/v2\/types\/page"}],"replies":[{"embeddable":true,"href":"https:\/\/verdaguer-puig.cat\/en\/wp-json\/wp\/v2\/comments?post=150"}],"version-history":[{"count":1,"href":"https:\/\/verdaguer-puig.cat\/en\/wp-json\/wp\/v2\/pages\/150\/revisions"}],"predecessor-version":[{"id":186,"href":"https:\/\/verdaguer-puig.cat\/en\/wp-json\/wp\/v2\/pages\/150\/revisions\/186"}],"wp:attachment":[{"href":"https:\/\/verdaguer-puig.cat\/en\/wp-json\/wp\/v2\/media?parent=150"}],"curies":[{"name":"wp","href":"https:\/\/api.w.org\/{rel}","templated":true}]}}