{"id":152,"date":"2026-03-26T21:42:03","date_gmt":"2026-03-26T21:42:03","guid":{"rendered":"https:\/\/verdaguer-puig.cat\/asesoramiento-en-derecho-mercantil-y-societario\/"},"modified":"2026-03-26T21:42:07","modified_gmt":"2026-03-26T21:42:07","slug":"asesoramiento-en-derecho-mercantil-y-societario","status":"publish","type":"page","link":"https:\/\/verdaguer-puig.cat\/en\/asesoramiento-en-derecho-mercantil-y-societario\/","title":{"rendered":"Asesoramiento en Derecho Mercantil y Societario"},"content":{"rendered":"\t\t<div data-elementor-type=\"wp-page\" data-elementor-id=\"152\" class=\"elementor elementor-152\">\n\t\t\t\t<div class=\"elementor-element elementor-element-a8kvhksc twbb_section twbb_full_h e-con-boxed e-flex e-con e-parent\" data-id=\"a8kvhksc\" data-element_type=\"container\" id=\"hero-section-of-the-page-for-servicio-asesoramiento-en-derecho-comercial-y-societario\" data-settings=\"{&quot;background_background&quot;:&quot;classic&quot;,&quot;background_motion_fx_motion_fx_scrolling&quot;:&quot;yes&quot;,&quot;background_motion_fx_scale_effect&quot;:&quot;yes&quot;,&quot;background_motion_fx_scale_speed&quot;:{&quot;unit&quot;:&quot;px&quot;,&quot;size&quot;:7,&quot;sizes&quot;:[]},&quot;background_motion_fx_scale_direction&quot;:&quot;out-in&quot;,&quot;background_motion_fx_scale_range&quot;:{&quot;unit&quot;:&quot;%&quot;,&quot;size&quot;:&quot;&quot;,&quot;sizes&quot;:{&quot;start&quot;:20,&quot;end&quot;:80}},&quot;background_motion_fx_devices&quot;:[&quot;desktop&quot;,&quot;tablet&quot;,&quot;mobile&quot;]}\">\n\t\t\t\t\t<div class=\"e-con-inner\">\n\t\t\t\t<div class=\"elementor-element elementor-element-mrm3i9uw elementor-widget__width-initial elementor-widget-mobile__width-inherit elementor-widget-tablet__width-initial twbb-headline--style-highlight elementor-widget elementor-widget-twbbanimated-headline\" data-id=\"mrm3i9uw\" data-element_type=\"widget\" data-settings=\"{&quot;highlighted_text&quot;:&quot;Derecho Mercantil&quot;,&quot;marker&quot;:&quot;underline_zigzag&quot;,&quot;headline_style&quot;:&quot;highlight&quot;}\" data-widget_type=\"twbbanimated-headline.default\">\n\t\t\t\t<div class=\"elementor-widget-container\">\n\t\t\t\t\t    <h1 class=\"twbb-headline\">\n        <span class=\"twbb-headline-dynamic-wrapper twbb-headline-text-wrapper\"><\/span>\n          <span class=\"twbb-headline-plain-text twbb-headline-text-wrapper\"> y Societario<\/span>\n        <\/h1>\n    \t\t\t\t<\/div>\n\t\t\t\t<\/div>\n\t\t\t\t<div class=\"elementor-element elementor-element-c58vr57t elementor-widget__width-initial elementor-widget-mobile__width-inherit elementor-widget-tablet__width-initial elementor-invisible elementor-widget elementor-widget-text-editor\" data-id=\"c58vr57t\" data-element_type=\"widget\" data-settings=\"{&quot;_animation&quot;:&quot;fadeInUp&quot;}\" data-widget_type=\"text-editor.default\">\n\t\t\t\t\t\t\t\t\tEn VERDAGUER &amp; PUIG, ofrecemos asesoramiento integral a pymes y aut\u00f3nomos. Le ayudamos a fortalecer su estructura legal mediante la gesti\u00f3n de contratos, la constituci\u00f3n de empresas y el asesoramiento en procesos de insolvencia. Su \u00e9xito es nuestra prioridad.\t\t\t\t\t\t\t\t<\/div>\n\t\t<div class=\"elementor-element elementor-element-qrkfnajb e-con-full e-flex e-con e-parent\" data-id=\"qrkfnajb\" data-element_type=\"container\">\n\t\t\t\t<div class=\"elementor-element elementor-element-fw5arzpw elementor-align-right elementor-mobile-align-center elementor-widget elementor-widget-button\" data-id=\"fw5arzpw\" data-element_type=\"widget\" data-widget_type=\"button.default\">\n\t\t\t\t\t\t\t\t\t\t<a class=\"elementor-button elementor-button-link elementor-size-sm\" href=\"#details-section-of-the-page-for-servicio-Asesoramiento-en-Derecho-Comercial-y-Societario\">\n\t\t\t\t\t\t<span class=\"elementor-button-content-wrapper\">\n\t\t\t\t\t\t\t\t\t<span class=\"elementor-button-text\">M\u00e1s Informaci\u00f3n<\/span>\n\t\t\t\t\t<\/span>\n\t\t\t\t\t<\/a>\n\t\t\t\t\t\t\t\t<\/div>\n\t\t\t\t<div class=\"elementor-element elementor-element-k7cw6ckm elementor-align-left elementor-mobile-align-center elementor-widget elementor-widget-button\" data-id=\"k7cw6ckm\" data-element_type=\"widget\" data-widget_type=\"button.default\">\n\t\t\t\t\t\t\t\t\t\t<a class=\"elementor-button elementor-button-link elementor-size-sm\" href=\"https:\/\/verdaguer-puig.cat\/inicio\/\/\">\n\t\t\t\t\t\t<span class=\"elementor-button-content-wrapper\">\n\t\t\t\t\t\t\t\t\t<span class=\"elementor-button-text\">Cont\u00e1ctenos<\/span>\n\t\t\t\t\t<\/span>\n\t\t\t\t\t<\/a>\n\t\t\t\t\t\t\t\t<\/div>\n\t\t\t\t<\/div>\n\t\t\t\t\t<\/div>\n\t\t\t\t<\/div>\n\t\t<div class=\"elementor-element elementor-element-26rtyxyr twbb_section e-con-boxed e-flex e-con e-parent\" data-id=\"26rtyxyr\" data-element_type=\"container\" id=\"details-section-of-the-page-for-servicio-asesoramiento-en-derecho-comercial-y-societario\">\n\t\t\t\t\t<div class=\"e-con-inner\">\n\t\t<div class=\"elementor-element elementor-element-6ref1del e-con-full e-flex e-con e-parent\" data-id=\"6ref1del\" data-element_type=\"container\">\n\t\t\t\t<div class=\"elementor-element elementor-element-owpckyki elementor-widget__width-initial elementor-widget-mobile__width-inherit elementor-widget-tablet__width-initial elementor-invisible elementor-widget elementor-widget-heading\" data-id=\"owpckyki\" data-element_type=\"widget\" data-settings=\"{&quot;_animation&quot;:&quot;fadeInUp&quot;}\" data-widget_type=\"heading.default\">\n\t\t\t\t\t<h2 class=\"elementor-heading-title elementor-size-default\">Beneficios de nuestro asesoramiento mercantil y societario<\/h2>\t\t\t\t<\/div>\n\t\t\t\t<div class=\"elementor-element elementor-element-d9b0ojc2 elementor-widget__width-initial elementor-widget-mobile__width-inherit elementor-widget-tablet__width-initial elementor-invisible elementor-widget elementor-widget-text-editor\" data-id=\"d9b0ojc2\" data-element_type=\"widget\" data-settings=\"{&quot;_animation&quot;:&quot;fadeInUp&quot;}\" data-widget_type=\"text-editor.default\">\n\t\t\t\t\t\t\t\t\tDescubra c\u00f3mo nuestro equipo de abogados especializados puede fortalecer la estructura legal de su negocio, ofrecer asistencia en insolvencias, redactar contratos y acompa\u00f1arle en la creaci\u00f3n y gesti\u00f3n de empresas, asegurando un crecimiento seguro y eficiente.\t\t\t\t\t\t\t\t<\/div>\n\t\t<div class=\"elementor-element elementor-element-r3xvbvs6 e-con-full e-flex e-con e-parent\" data-id=\"r3xvbvs6\" data-element_type=\"container\">\n\t\t<div class=\"elementor-element elementor-element-ubz8rb4c e-con-full e-flex e-con e-parent\" data-id=\"ubz8rb4c\" data-element_type=\"container\">\n\t\t\t\t<div class=\"elementor-element elementor-element-f0eopzc4 elementor-widget__width-auto elementor-widget-mobile__width-auto elementor-widget-tablet__width-initial elementor-widget elementor-widget-counter\" data-id=\"f0eopzc4\" data-element_type=\"widget\" data-widget_type=\"counter.default\">\n\t\t\t\t\t\t\t<div class=\"elementor-counter\">\n\t\t\t<div class=\"elementor-counter-title\">porcentaje de optimizaci\u00f3n legal<\/div>\t\t\t<div class=\"elementor-counter-number-wrapper\">\n\t\t\t\t<span class=\"elementor-counter-number-prefix\"><\/span>\n\t\t\t\t<span class=\"elementor-counter-number\" data-duration=\"2000\" data-to-value=\"4\" data-from-value=\"0\">0<\/span>\n\t\t\t\t<span class=\"elementor-counter-number-suffix\"> \u20ac<\/span>\n\t\t\t<\/div>\n\t\t<\/div>\n\t\t\t\t\t\t<\/div>\n\t\t\t\t<\/div>\n\t\t<div class=\"elementor-element elementor-element-vgad9ja6 e-con-full e-flex e-con e-parent\" data-id=\"vgad9ja6\" data-element_type=\"container\">\n\t\t\t\t<div class=\"elementor-element elementor-element-vjzap8jg elementor-widget__width-auto elementor-widget-mobile__width-auto elementor-widget-tablet__width-initial elementor-widget elementor-widget-counter\" data-id=\"vjzap8jg\" data-element_type=\"widget\" data-widget_type=\"counter.default\">\n\t\t\t\t\t\t\t<div class=\"elementor-counter\">\n\t\t\t<div class=\"elementor-counter-title\">Mejoras en la estructura legal<\/div>\t\t\t<div class=\"elementor-counter-number-wrapper\">\n\t\t\t\t<span class=\"elementor-counter-number-prefix\"><\/span>\n\t\t\t\t<span class=\"elementor-counter-number\" data-duration=\"2000\" data-to-value=\"150\" data-from-value=\"0\">0<\/span>\n\t\t\t\t<span class=\"elementor-counter-number-suffix\"> %<\/span>\n\t\t\t<\/div>\n\t\t<\/div>\n\t\t\t\t\t\t<\/div>\n\t\t\t\t<\/div>\n\t\t\t\t<\/div>\n\t\t<div class=\"elementor-element elementor-element-w3k91sqx e-con-full e-flex e-con e-parent\" data-id=\"w3k91sqx\" data-element_type=\"container\">\n\t\t<div class=\"elementor-element elementor-element-mf9bjxt0 e-con-full e-flex e-con e-parent\" data-id=\"mf9bjxt0\" data-element_type=\"container\">\n\t\t\t\t<div class=\"elementor-element elementor-element-bxp519fs elementor-widget__width-auto elementor-widget-mobile__width-auto elementor-widget-tablet__width-initial elementor-widget elementor-widget-counter\" data-id=\"bxp519fs\" data-element_type=\"widget\" data-widget_type=\"counter.default\">\n\t\t\t\t\t\t\t<div class=\"elementor-counter\">\n\t\t\t<div class=\"elementor-counter-title\">en asesoramiento y gesti\u00f3n<\/div>\t\t\t<div class=\"elementor-counter-number-wrapper\">\n\t\t\t\t<span class=\"elementor-counter-number-prefix\"><\/span>\n\t\t\t\t<span class=\"elementor-counter-number\" data-duration=\"2000\" data-to-value=\"50\" data-from-value=\"0\">0<\/span>\n\t\t\t\t<span class=\"elementor-counter-number-suffix\"> \u20ac<\/span>\n\t\t\t<\/div>\n\t\t<\/div>\n\t\t\t\t\t\t<\/div>\n\t\t\t\t<\/div>\n\t\t<div class=\"elementor-element elementor-element-ljtlk3w5 e-con-full e-flex e-con e-parent\" data-id=\"ljtlk3w5\" data-element_type=\"container\">\n\t\t\t\t<div class=\"elementor-element elementor-element-itl3h8ow elementor-widget__width-auto elementor-widget-mobile__width-auto elementor-widget-tablet__width-initial elementor-widget elementor-widget-counter\" data-id=\"itl3h8ow\" data-element_type=\"widget\" data-widget_type=\"counter.default\">\n\t\t\t\t\t\t\t<div class=\"elementor-counter\">\n\t\t\t<div class=\"elementor-counter-title\">en servicios legales<\/div>\t\t\t<div class=\"elementor-counter-number-wrapper\">\n\t\t\t\t<span class=\"elementor-counter-number-prefix\"><\/span>\n\t\t\t\t<span class=\"elementor-counter-number\" data-duration=\"2000\" data-to-value=\"10\" data-from-value=\"0\">0<\/span>\n\t\t\t\t<span class=\"elementor-counter-number-suffix\"> \u20ac<\/span>\n\t\t\t<\/div>\n\t\t<\/div>\n\t\t\t\t\t\t<\/div>\n\t\t\t\t<\/div>\n\t\t\t\t<\/div>\n\t\t\t\t<\/div>\n\t\t\t\t<div class=\"elementor-element elementor-element-xeonou8r elementor-widget__width-initial elementor-widget-mobile__width-inherit elementor-widget-tablet__width-initial elementor-widget elementor-widget-image\" data-id=\"xeonou8r\" data-element_type=\"widget\" data-widget_type=\"image.default\">\n\t\t\t\t\t\t\t\t\t\t\t\t\t\t\t<img fetchpriority=\"high\" decoding=\"async\" width=\"1024\" height=\"1024\" src=\"https:\/\/verdaguer-puig.cat\/wp-content\/uploads\/2026\/03\/tenweb_media_sxmgx6jvq.webp\" class=\"attachment-full size-full wp-image-133\" alt=\"\" srcset=\"https:\/\/verdaguer-puig.cat\/wp-content\/uploads\/2026\/03\/tenweb_media_sxmgx6jvq.webp 1024w, https:\/\/verdaguer-puig.cat\/wp-content\/uploads\/2026\/03\/tenweb_media_sxmgx6jvq-768x768.webp 768w\" sizes=\"(max-width: 1024px) 100vw, 1024px\" \/>\t\t\t\t\t\t\t\t\t\t\t\t\t\t\t<\/div>\n\t\t\t\t\t<\/div>\n\t\t\t\t<\/div>\n\t\t\t\t<\/div>\n\t\t","protected":false},"excerpt":{"rendered":"","protected":false},"author":0,"featured_media":0,"parent":0,"menu_order":0,"comment_status":"closed","ping_status":"publish","template":"","meta":{"footnotes":""},"class_list":["post-152","page","type-page","status-publish","hentry"],"yoast_head":"<!-- This site is optimized with the Yoast SEO plugin v27.3 - https:\/\/yoast.com\/product\/yoast-seo-wordpress\/ -->\n<title>Asesoramiento en Derecho Mercantil y Societario - VERDAGUER &amp; PUIG, Advocats<\/title>\n<meta name=\"robots\" content=\"index, follow, max-snippet:-1, max-image-preview:large, max-video-preview:-1\" \/>\n<link rel=\"canonical\" href=\"https:\/\/verdaguer-puig.cat\/en\/asesoramiento-en-derecho-mercantil-y-societario\/\" \/>\n<meta property=\"og:locale\" content=\"en_GB\" \/>\n<meta property=\"og:type\" content=\"article\" \/>\n<meta property=\"og:title\" content=\"Asesoramiento en Derecho Mercantil y Societario - VERDAGUER &amp; PUIG, Advocats\" \/>\n<meta property=\"og:url\" content=\"https:\/\/verdaguer-puig.cat\/en\/asesoramiento-en-derecho-mercantil-y-societario\/\" \/>\n<meta property=\"og:site_name\" content=\"VERDAGUER &amp; PUIG, Advocats\" \/>\n<meta property=\"article:modified_time\" content=\"2026-03-26T21:42:07+00:00\" \/>\n<meta name=\"twitter:card\" content=\"summary_large_image\" \/>\n<script type=\"application\/ld+json\" class=\"yoast-schema-graph\">{\"@context\":\"https:\\\/\\\/schema.org\",\"@graph\":[{\"@type\":\"WebPage\",\"@id\":\"https:\\\/\\\/verdaguer-puig.cat\\\/asesoramiento-en-derecho-mercantil-y-societario\\\/\",\"url\":\"https:\\\/\\\/verdaguer-puig.cat\\\/asesoramiento-en-derecho-mercantil-y-societario\\\/\",\"name\":\"Asesoramiento en Derecho Mercantil y Societario - VERDAGUER &amp; PUIG, Advocats\",\"isPartOf\":{\"@id\":\"https:\\\/\\\/verdaguer-puig.cat\\\/#website\"},\"datePublished\":\"2026-03-26T21:42:03+00:00\",\"dateModified\":\"2026-03-26T21:42:07+00:00\",\"breadcrumb\":{\"@id\":\"https:\\\/\\\/verdaguer-puig.cat\\\/asesoramiento-en-derecho-mercantil-y-societario\\\/#breadcrumb\"},\"inLanguage\":\"en-GB\",\"potentialAction\":[{\"@type\":\"ReadAction\",\"target\":[\"https:\\\/\\\/verdaguer-puig.cat\\\/asesoramiento-en-derecho-mercantil-y-societario\\\/\"]}]},{\"@type\":\"BreadcrumbList\",\"@id\":\"https:\\\/\\\/verdaguer-puig.cat\\\/asesoramiento-en-derecho-mercantil-y-societario\\\/#breadcrumb\",\"itemListElement\":[{\"@type\":\"ListItem\",\"position\":1,\"name\":\"Home\",\"item\":\"https:\\\/\\\/verdaguer-puig.cat\\\/\"},{\"@type\":\"ListItem\",\"position\":2,\"name\":\"Asesoramiento en Derecho Mercantil y Societario\"}]},{\"@type\":\"WebSite\",\"@id\":\"https:\\\/\\\/verdaguer-puig.cat\\\/#website\",\"url\":\"https:\\\/\\\/verdaguer-puig.cat\\\/\",\"name\":\"VERDAGUER &amp; PUIG, Advocats\",\"description\":\"\",\"potentialAction\":[{\"@type\":\"SearchAction\",\"target\":{\"@type\":\"EntryPoint\",\"urlTemplate\":\"https:\\\/\\\/verdaguer-puig.cat\\\/?s={search_term_string}\"},\"query-input\":{\"@type\":\"PropertyValueSpecification\",\"valueRequired\":true,\"valueName\":\"search_term_string\"}}],\"inLanguage\":\"en-GB\"}]}<\/script>\n<!-- \/ Yoast SEO plugin. -->","yoast_head_json":{"title":"Asesoramiento en Derecho Mercantil y Societario - VERDAGUER &amp; PUIG, Advocats","robots":{"index":"index","follow":"follow","max-snippet":"max-snippet:-1","max-image-preview":"max-image-preview:large","max-video-preview":"max-video-preview:-1"},"canonical":"https:\/\/verdaguer-puig.cat\/en\/asesoramiento-en-derecho-mercantil-y-societario\/","og_locale":"en_GB","og_type":"article","og_title":"Asesoramiento en Derecho Mercantil y Societario - VERDAGUER &amp; PUIG, Advocats","og_url":"https:\/\/verdaguer-puig.cat\/en\/asesoramiento-en-derecho-mercantil-y-societario\/","og_site_name":"VERDAGUER &amp; PUIG, Advocats","article_modified_time":"2026-03-26T21:42:07+00:00","twitter_card":"summary_large_image","schema":{"@context":"https:\/\/schema.org","@graph":[{"@type":"WebPage","@id":"https:\/\/verdaguer-puig.cat\/asesoramiento-en-derecho-mercantil-y-societario\/","url":"https:\/\/verdaguer-puig.cat\/asesoramiento-en-derecho-mercantil-y-societario\/","name":"Asesoramiento en Derecho Mercantil y Societario - VERDAGUER &amp; PUIG, Advocats","isPartOf":{"@id":"https:\/\/verdaguer-puig.cat\/#website"},"datePublished":"2026-03-26T21:42:03+00:00","dateModified":"2026-03-26T21:42:07+00:00","breadcrumb":{"@id":"https:\/\/verdaguer-puig.cat\/asesoramiento-en-derecho-mercantil-y-societario\/#breadcrumb"},"inLanguage":"en-GB","potentialAction":[{"@type":"ReadAction","target":["https:\/\/verdaguer-puig.cat\/asesoramiento-en-derecho-mercantil-y-societario\/"]}]},{"@type":"BreadcrumbList","@id":"https:\/\/verdaguer-puig.cat\/asesoramiento-en-derecho-mercantil-y-societario\/#breadcrumb","itemListElement":[{"@type":"ListItem","position":1,"name":"Home","item":"https:\/\/verdaguer-puig.cat\/"},{"@type":"ListItem","position":2,"name":"Asesoramiento en Derecho Mercantil y Societario"}]},{"@type":"WebSite","@id":"https:\/\/verdaguer-puig.cat\/#website","url":"https:\/\/verdaguer-puig.cat\/","name":"VERDAGUER &amp; PUIG, Advocats","description":"","potentialAction":[{"@type":"SearchAction","target":{"@type":"EntryPoint","urlTemplate":"https:\/\/verdaguer-puig.cat\/?s={search_term_string}"},"query-input":{"@type":"PropertyValueSpecification","valueRequired":true,"valueName":"search_term_string"}}],"inLanguage":"en-GB"}]}},"_links":{"self":[{"href":"https:\/\/verdaguer-puig.cat\/en\/wp-json\/wp\/v2\/pages\/152","targetHints":{"allow":["GET"]}}],"collection":[{"href":"https:\/\/verdaguer-puig.cat\/en\/wp-json\/wp\/v2\/pages"}],"about":[{"href":"https:\/\/verdaguer-puig.cat\/en\/wp-json\/wp\/v2\/types\/page"}],"replies":[{"embeddable":true,"href":"https:\/\/verdaguer-puig.cat\/en\/wp-json\/wp\/v2\/comments?post=152"}],"version-history":[{"count":1,"href":"https:\/\/verdaguer-puig.cat\/en\/wp-json\/wp\/v2\/pages\/152\/revisions"}],"predecessor-version":[{"id":188,"href":"https:\/\/verdaguer-puig.cat\/en\/wp-json\/wp\/v2\/pages\/152\/revisions\/188"}],"wp:attachment":[{"href":"https:\/\/verdaguer-puig.cat\/en\/wp-json\/wp\/v2\/media?parent=152"}],"curies":[{"name":"wp","href":"https:\/\/api.w.org\/{rel}","templated":true}]}}