{"id":153,"date":"2026-03-26T21:42:03","date_gmt":"2026-03-26T21:42:03","guid":{"rendered":"https:\/\/verdaguer-puig.cat\/asesoramiento-en-derecho-penal\/"},"modified":"2026-03-26T21:42:07","modified_gmt":"2026-03-26T21:42:07","slug":"asesoramiento-en-derecho-penal","status":"publish","type":"page","link":"https:\/\/verdaguer-puig.cat\/en\/asesoramiento-en-derecho-penal\/","title":{"rendered":"Asesoramiento en Derecho Penal"},"content":{"rendered":"\t\t<div data-elementor-type=\"wp-page\" data-elementor-id=\"153\" class=\"elementor elementor-153\">\n\t\t\t\t<div class=\"elementor-element elementor-element-jdjqr05b twbb_section twbb_full_h e-con-boxed e-flex e-con e-parent\" data-id=\"jdjqr05b\" data-element_type=\"container\" id=\"hero-section-of-the-page-for-servicio-asesoramiento-en-derecho-penal\" data-settings=\"{&quot;background_background&quot;:&quot;classic&quot;,&quot;background_motion_fx_motion_fx_scrolling&quot;:&quot;yes&quot;,&quot;background_motion_fx_scale_effect&quot;:&quot;yes&quot;,&quot;background_motion_fx_scale_speed&quot;:{&quot;unit&quot;:&quot;px&quot;,&quot;size&quot;:7,&quot;sizes&quot;:[]},&quot;background_motion_fx_scale_direction&quot;:&quot;out-in&quot;,&quot;background_motion_fx_scale_range&quot;:{&quot;unit&quot;:&quot;%&quot;,&quot;size&quot;:&quot;&quot;,&quot;sizes&quot;:{&quot;start&quot;:20,&quot;end&quot;:80}},&quot;background_motion_fx_devices&quot;:[&quot;desktop&quot;,&quot;tablet&quot;,&quot;mobile&quot;]}\">\n\t\t\t\t\t<div class=\"e-con-inner\">\n\t\t\t\t<div class=\"elementor-element elementor-element-0m65f26y elementor-widget__width-initial elementor-widget-mobile__width-inherit elementor-widget-tablet__width-initial twbb-headline--style-highlight elementor-widget elementor-widget-twbbanimated-headline\" data-id=\"0m65f26y\" data-element_type=\"widget\" data-settings=\"{&quot;highlighted_text&quot;:&quot;Defensa Penal&quot;,&quot;marker&quot;:&quot;underline_zigzag&quot;,&quot;headline_style&quot;:&quot;highlight&quot;}\" data-widget_type=\"twbbanimated-headline.default\">\n\t\t\t\t<div class=\"elementor-widget-container\">\n\t\t\t\t\t    <h1 class=\"twbb-headline\">\n        <span class=\"twbb-headline-dynamic-wrapper twbb-headline-text-wrapper\"><\/span>\n          <span class=\"twbb-headline-plain-text twbb-headline-text-wrapper\"> Especializada para su Empresa<\/span>\n        <\/h1>\n    \t\t\t\t<\/div>\n\t\t\t\t<\/div>\n\t\t\t\t<div class=\"elementor-element elementor-element-782qgdjv elementor-widget__width-initial elementor-widget-mobile__width-inherit elementor-widget-tablet__width-initial elementor-invisible elementor-widget elementor-widget-text-editor\" data-id=\"782qgdjv\" data-element_type=\"widget\" data-settings=\"{&quot;_animation&quot;:&quot;fadeInUp&quot;}\" data-widget_type=\"text-editor.default\">\n\t\t\t\t\t\t\t\t\tEn VERDAGUER &amp; PUIG, ofrecemos asesoramiento legal integral en Derecho Penal Econ\u00f3mico y Corporativo. Protegemos sus intereses y garantizamos una defensa efectiva en procedimientos penales relacionados con su actividad empresarial.\t\t\t\t\t\t\t\t<\/div>\n\t\t<div class=\"elementor-element elementor-element-dwnib39b e-con-full e-flex e-con e-parent\" data-id=\"dwnib39b\" data-element_type=\"container\">\n\t\t\t\t<div class=\"elementor-element elementor-element-sk20k13v elementor-align-right elementor-mobile-align-center elementor-widget elementor-widget-button\" data-id=\"sk20k13v\" data-element_type=\"widget\" data-widget_type=\"button.default\">\n\t\t\t\t\t\t\t\t\t\t<a class=\"elementor-button elementor-button-link elementor-size-sm\" href=\"#Details%20section%20of%20the%20page%20for%20servicio%20Asesoramiento%20en%20Derecho%20Penal\">\n\t\t\t\t\t\t<span class=\"elementor-button-content-wrapper\">\n\t\t\t\t\t\t\t\t\t<span class=\"elementor-button-text\">M\u00e1s Informaci\u00f3n<\/span>\n\t\t\t\t\t<\/span>\n\t\t\t\t\t<\/a>\n\t\t\t\t\t\t\t\t<\/div>\n\t\t\t\t<div class=\"elementor-element elementor-element-6ntxw24l elementor-align-left elementor-mobile-align-center elementor-widget elementor-widget-button\" data-id=\"6ntxw24l\" data-element_type=\"widget\" data-widget_type=\"button.default\">\n\t\t\t\t\t\t\t\t\t\t<a class=\"elementor-button elementor-button-link elementor-size-sm\" href=\"#\">\n\t\t\t\t\t\t<span class=\"elementor-button-content-wrapper\">\n\t\t\t\t\t\t\t\t\t<span class=\"elementor-button-text\">Cont\u00e1ctenos<\/span>\n\t\t\t\t\t<\/span>\n\t\t\t\t\t<\/a>\n\t\t\t\t\t\t\t\t<\/div>\n\t\t\t\t<\/div>\n\t\t\t\t\t<\/div>\n\t\t\t\t<\/div>\n\t\t<div class=\"elementor-element elementor-element-xy3gt88s twbb_section e-con-boxed e-flex e-con e-parent\" data-id=\"xy3gt88s\" data-element_type=\"container\" id=\"details-section-of-the-page-for-servicio-asesoramiento-en-derecho-penal\">\n\t\t\t\t\t<div class=\"e-con-inner\">\n\t\t<div class=\"elementor-element elementor-element-fqfgfoe4 e-con-full e-flex e-con e-parent\" data-id=\"fqfgfoe4\" data-element_type=\"container\">\n\t\t\t\t<div class=\"elementor-element elementor-element-jz1wajg4 elementor-widget__width-initial elementor-widget-mobile__width-inherit elementor-widget-tablet__width-initial elementor-invisible elementor-widget elementor-widget-heading\" data-id=\"jz1wajg4\" data-element_type=\"widget\" data-settings=\"{&quot;_animation&quot;:&quot;fadeInUp&quot;}\" data-widget_type=\"heading.default\">\n\t\t\t\t\t<h2 class=\"elementor-heading-title elementor-size-default\">Beneficios Detallados de Nuestro Asesoramiento en Derecho Penal<\/h2>\t\t\t\t<\/div>\n\t\t\t\t<div class=\"elementor-element elementor-element-mfy9blbt elementor-widget__width-initial elementor-widget-mobile__width-inherit elementor-widget-tablet__width-initial elementor-invisible elementor-widget elementor-widget-text-editor\" data-id=\"mfy9blbt\" data-element_type=\"widget\" data-settings=\"{&quot;_animation&quot;:&quot;fadeInUp&quot;}\" data-widget_type=\"text-editor.default\">\n\t\t\t\t\t\t\t\t\tEn VERDAGUER &amp; PUIG, ofrecemos asesoramiento especializado en delitos econ\u00f3micos y corporativos, defendiendo los intereses de nuestros clientes en procedimientos penales relacionados con actividades empresariales. Nuestro enfoque integral garantiza protecci\u00f3n, prevenci\u00f3n y representaci\u00f3n legal efectiva.\t\t\t\t\t\t\t\t<\/div>\n\t\t<div class=\"elementor-element elementor-element-7cq2gj12 e-con-full e-flex e-con e-parent\" data-id=\"7cq2gj12\" data-element_type=\"container\">\n\t\t<div class=\"elementor-element elementor-element-qr99cypm e-con-full e-flex e-con e-parent\" data-id=\"qr99cypm\" data-element_type=\"container\">\n\t\t\t\t<div class=\"elementor-element elementor-element-q6n3msgu elementor-widget__width-auto elementor-widget-mobile__width-auto elementor-widget-tablet__width-initial elementor-widget elementor-widget-counter\" data-id=\"q6n3msgu\" data-element_type=\"widget\" data-widget_type=\"counter.default\">\n\t\t\t\t\t\t\t<div class=\"elementor-counter\">\n\t\t\t<div class=\"elementor-counter-title\">Casos de \u00e9xito en defensa penal<\/div>\t\t\t<div class=\"elementor-counter-number-wrapper\">\n\t\t\t\t<span class=\"elementor-counter-number-prefix\"><\/span>\n\t\t\t\t<span class=\"elementor-counter-number\" data-duration=\"2000\" data-to-value=\"4\" data-from-value=\"0\">0<\/span>\n\t\t\t\t<span class=\"elementor-counter-number-suffix\"> casos<\/span>\n\t\t\t<\/div>\n\t\t<\/div>\n\t\t\t\t\t\t<\/div>\n\t\t\t\t<\/div>\n\t\t<div class=\"elementor-element elementor-element-7szpo968 e-con-full e-flex e-con e-parent\" data-id=\"7szpo968\" data-element_type=\"container\">\n\t\t\t\t<div class=\"elementor-element elementor-element-llbrttmh elementor-widget__width-auto elementor-widget-mobile__width-auto elementor-widget-tablet__width-initial elementor-widget elementor-widget-counter\" data-id=\"llbrttmh\" data-element_type=\"widget\" data-widget_type=\"counter.default\">\n\t\t\t\t\t\t\t<div class=\"elementor-counter\">\n\t\t\t<div class=\"elementor-counter-title\">Clientes satisfechos y casos ganados<\/div>\t\t\t<div class=\"elementor-counter-number-wrapper\">\n\t\t\t\t<span class=\"elementor-counter-number-prefix\"><\/span>\n\t\t\t\t<span class=\"elementor-counter-number\" data-duration=\"2000\" data-to-value=\"150\" data-from-value=\"0\">0<\/span>\n\t\t\t\t<span class=\"elementor-counter-number-suffix\"> casos<\/span>\n\t\t\t<\/div>\n\t\t<\/div>\n\t\t\t\t\t\t<\/div>\n\t\t\t\t<\/div>\n\t\t\t\t<\/div>\n\t\t<div class=\"elementor-element elementor-element-cqr3qjmy e-con-full e-flex e-con e-parent\" data-id=\"cqr3qjmy\" data-element_type=\"container\">\n\t\t<div class=\"elementor-element elementor-element-fppua94p e-con-full e-flex e-con e-parent\" data-id=\"fppua94p\" data-element_type=\"container\">\n\t\t\t\t<div class=\"elementor-element elementor-element-1t8jpdti elementor-widget__width-auto elementor-widget-mobile__width-auto elementor-widget-tablet__width-initial elementor-widget elementor-widget-counter\" data-id=\"1t8jpdti\" data-element_type=\"widget\" data-widget_type=\"counter.default\">\n\t\t\t\t\t\t\t<div class=\"elementor-counter\">\n\t\t\t<div class=\"elementor-counter-title\">Procedimientos judiciales gestionados con \u00e9xito<\/div>\t\t\t<div class=\"elementor-counter-number-wrapper\">\n\t\t\t\t<span class=\"elementor-counter-number-prefix\"><\/span>\n\t\t\t\t<span class=\"elementor-counter-number\" data-duration=\"2000\" data-to-value=\"50\" data-from-value=\"0\">0<\/span>\n\t\t\t\t<span class=\"elementor-counter-number-suffix\"> procedimientos<\/span>\n\t\t\t<\/div>\n\t\t<\/div>\n\t\t\t\t\t\t<\/div>\n\t\t\t\t<\/div>\n\t\t<div class=\"elementor-element elementor-element-vjfpmuz0 e-con-full e-flex e-con e-parent\" data-id=\"vjfpmuz0\" data-element_type=\"container\">\n\t\t\t\t<div class=\"elementor-element elementor-element-rxpcnoi7 elementor-widget__width-auto elementor-widget-mobile__width-auto elementor-widget-tablet__width-initial elementor-widget elementor-widget-counter\" data-id=\"rxpcnoi7\" data-element_type=\"widget\" data-widget_type=\"counter.default\">\n\t\t\t\t\t\t\t<div class=\"elementor-counter\">\n\t\t\t<div class=\"elementor-counter-title\">Clientes protegidos y asesorados<\/div>\t\t\t<div class=\"elementor-counter-number-wrapper\">\n\t\t\t\t<span class=\"elementor-counter-number-prefix\"><\/span>\n\t\t\t\t<span class=\"elementor-counter-number\" data-duration=\"2000\" data-to-value=\"200\" data-from-value=\"0\">0<\/span>\n\t\t\t\t<span class=\"elementor-counter-number-suffix\"> clientes<\/span>\n\t\t\t<\/div>\n\t\t<\/div>\n\t\t\t\t\t\t<\/div>\n\t\t\t\t<\/div>\n\t\t\t\t<\/div>\n\t\t\t\t<\/div>\n\t\t\t\t<div class=\"elementor-element elementor-element-dmfzucec elementor-widget__width-initial elementor-widget-mobile__width-inherit elementor-widget-tablet__width-initial elementor-widget elementor-widget-image\" data-id=\"dmfzucec\" data-element_type=\"widget\" data-widget_type=\"image.default\">\n\t\t\t\t\t\t\t\t\t\t\t\t\t\t\t<img fetchpriority=\"high\" decoding=\"async\" width=\"1024\" height=\"1024\" src=\"https:\/\/verdaguer-puig.cat\/wp-content\/uploads\/2026\/03\/tenweb_media_spnxas1dj.webp\" class=\"attachment-full size-full wp-image-132\" alt=\"\" srcset=\"https:\/\/verdaguer-puig.cat\/wp-content\/uploads\/2026\/03\/tenweb_media_spnxas1dj.webp 1024w, https:\/\/verdaguer-puig.cat\/wp-content\/uploads\/2026\/03\/tenweb_media_spnxas1dj-768x768.webp 768w\" sizes=\"(max-width: 1024px) 100vw, 1024px\" \/>\t\t\t\t\t\t\t\t\t\t\t\t\t\t\t<\/div>\n\t\t\t\t\t<\/div>\n\t\t\t\t<\/div>\n\t\t\t\t<\/div>\n\t\t","protected":false},"excerpt":{"rendered":"","protected":false},"author":0,"featured_media":0,"parent":0,"menu_order":0,"comment_status":"closed","ping_status":"publish","template":"","meta":{"footnotes":""},"class_list":["post-153","page","type-page","status-publish","hentry"],"yoast_head":"<!-- This site is optimized with the Yoast SEO plugin v27.3 - https:\/\/yoast.com\/product\/yoast-seo-wordpress\/ -->\n<title>Asesoramiento en Derecho Penal - VERDAGUER &amp; PUIG, Advocats<\/title>\n<meta name=\"robots\" content=\"index, follow, max-snippet:-1, max-image-preview:large, max-video-preview:-1\" \/>\n<link rel=\"canonical\" href=\"https:\/\/verdaguer-puig.cat\/en\/asesoramiento-en-derecho-penal\/\" \/>\n<meta property=\"og:locale\" content=\"en_GB\" \/>\n<meta property=\"og:type\" content=\"article\" \/>\n<meta property=\"og:title\" content=\"Asesoramiento en Derecho Penal - VERDAGUER &amp; PUIG, Advocats\" \/>\n<meta property=\"og:url\" content=\"https:\/\/verdaguer-puig.cat\/en\/asesoramiento-en-derecho-penal\/\" \/>\n<meta property=\"og:site_name\" content=\"VERDAGUER &amp; PUIG, Advocats\" \/>\n<meta property=\"article:modified_time\" content=\"2026-03-26T21:42:07+00:00\" \/>\n<meta name=\"twitter:card\" content=\"summary_large_image\" \/>\n<script type=\"application\/ld+json\" class=\"yoast-schema-graph\">{\"@context\":\"https:\\\/\\\/schema.org\",\"@graph\":[{\"@type\":\"WebPage\",\"@id\":\"https:\\\/\\\/verdaguer-puig.cat\\\/asesoramiento-en-derecho-penal\\\/\",\"url\":\"https:\\\/\\\/verdaguer-puig.cat\\\/asesoramiento-en-derecho-penal\\\/\",\"name\":\"Asesoramiento en Derecho Penal - VERDAGUER &amp; PUIG, Advocats\",\"isPartOf\":{\"@id\":\"https:\\\/\\\/verdaguer-puig.cat\\\/#website\"},\"datePublished\":\"2026-03-26T21:42:03+00:00\",\"dateModified\":\"2026-03-26T21:42:07+00:00\",\"breadcrumb\":{\"@id\":\"https:\\\/\\\/verdaguer-puig.cat\\\/asesoramiento-en-derecho-penal\\\/#breadcrumb\"},\"inLanguage\":\"en-GB\",\"potentialAction\":[{\"@type\":\"ReadAction\",\"target\":[\"https:\\\/\\\/verdaguer-puig.cat\\\/asesoramiento-en-derecho-penal\\\/\"]}]},{\"@type\":\"BreadcrumbList\",\"@id\":\"https:\\\/\\\/verdaguer-puig.cat\\\/asesoramiento-en-derecho-penal\\\/#breadcrumb\",\"itemListElement\":[{\"@type\":\"ListItem\",\"position\":1,\"name\":\"Home\",\"item\":\"https:\\\/\\\/verdaguer-puig.cat\\\/\"},{\"@type\":\"ListItem\",\"position\":2,\"name\":\"Asesoramiento en Derecho Penal\"}]},{\"@type\":\"WebSite\",\"@id\":\"https:\\\/\\\/verdaguer-puig.cat\\\/#website\",\"url\":\"https:\\\/\\\/verdaguer-puig.cat\\\/\",\"name\":\"VERDAGUER &amp; PUIG, Advocats\",\"description\":\"\",\"potentialAction\":[{\"@type\":\"SearchAction\",\"target\":{\"@type\":\"EntryPoint\",\"urlTemplate\":\"https:\\\/\\\/verdaguer-puig.cat\\\/?s={search_term_string}\"},\"query-input\":{\"@type\":\"PropertyValueSpecification\",\"valueRequired\":true,\"valueName\":\"search_term_string\"}}],\"inLanguage\":\"en-GB\"}]}<\/script>\n<!-- \/ Yoast SEO plugin. -->","yoast_head_json":{"title":"Asesoramiento en Derecho Penal - VERDAGUER &amp; PUIG, Advocats","robots":{"index":"index","follow":"follow","max-snippet":"max-snippet:-1","max-image-preview":"max-image-preview:large","max-video-preview":"max-video-preview:-1"},"canonical":"https:\/\/verdaguer-puig.cat\/en\/asesoramiento-en-derecho-penal\/","og_locale":"en_GB","og_type":"article","og_title":"Asesoramiento en Derecho Penal - VERDAGUER &amp; PUIG, Advocats","og_url":"https:\/\/verdaguer-puig.cat\/en\/asesoramiento-en-derecho-penal\/","og_site_name":"VERDAGUER &amp; PUIG, Advocats","article_modified_time":"2026-03-26T21:42:07+00:00","twitter_card":"summary_large_image","schema":{"@context":"https:\/\/schema.org","@graph":[{"@type":"WebPage","@id":"https:\/\/verdaguer-puig.cat\/asesoramiento-en-derecho-penal\/","url":"https:\/\/verdaguer-puig.cat\/asesoramiento-en-derecho-penal\/","name":"Asesoramiento en Derecho Penal - VERDAGUER &amp; PUIG, Advocats","isPartOf":{"@id":"https:\/\/verdaguer-puig.cat\/#website"},"datePublished":"2026-03-26T21:42:03+00:00","dateModified":"2026-03-26T21:42:07+00:00","breadcrumb":{"@id":"https:\/\/verdaguer-puig.cat\/asesoramiento-en-derecho-penal\/#breadcrumb"},"inLanguage":"en-GB","potentialAction":[{"@type":"ReadAction","target":["https:\/\/verdaguer-puig.cat\/asesoramiento-en-derecho-penal\/"]}]},{"@type":"BreadcrumbList","@id":"https:\/\/verdaguer-puig.cat\/asesoramiento-en-derecho-penal\/#breadcrumb","itemListElement":[{"@type":"ListItem","position":1,"name":"Home","item":"https:\/\/verdaguer-puig.cat\/"},{"@type":"ListItem","position":2,"name":"Asesoramiento en Derecho Penal"}]},{"@type":"WebSite","@id":"https:\/\/verdaguer-puig.cat\/#website","url":"https:\/\/verdaguer-puig.cat\/","name":"VERDAGUER &amp; PUIG, Advocats","description":"","potentialAction":[{"@type":"SearchAction","target":{"@type":"EntryPoint","urlTemplate":"https:\/\/verdaguer-puig.cat\/?s={search_term_string}"},"query-input":{"@type":"PropertyValueSpecification","valueRequired":true,"valueName":"search_term_string"}}],"inLanguage":"en-GB"}]}},"_links":{"self":[{"href":"https:\/\/verdaguer-puig.cat\/en\/wp-json\/wp\/v2\/pages\/153","targetHints":{"allow":["GET"]}}],"collection":[{"href":"https:\/\/verdaguer-puig.cat\/en\/wp-json\/wp\/v2\/pages"}],"about":[{"href":"https:\/\/verdaguer-puig.cat\/en\/wp-json\/wp\/v2\/types\/page"}],"replies":[{"embeddable":true,"href":"https:\/\/verdaguer-puig.cat\/en\/wp-json\/wp\/v2\/comments?post=153"}],"version-history":[{"count":1,"href":"https:\/\/verdaguer-puig.cat\/en\/wp-json\/wp\/v2\/pages\/153\/revisions"}],"predecessor-version":[{"id":189,"href":"https:\/\/verdaguer-puig.cat\/en\/wp-json\/wp\/v2\/pages\/153\/revisions\/189"}],"wp:attachment":[{"href":"https:\/\/verdaguer-puig.cat\/en\/wp-json\/wp\/v2\/media?parent=153"}],"curies":[{"name":"wp","href":"https:\/\/api.w.org\/{rel}","templated":true}]}}